{"id":4701,"date":"2025-01-14T13:02:10","date_gmt":"2025-01-14T13:02:10","guid":{"rendered":"https:\/\/webdesignvungtau.com\/?page_id=4701"},"modified":"2025-05-29T03:19:26","modified_gmt":"2025-05-29T03:19:26","slug":"bang-gia","status":"publish","type":"page","link":"https:\/\/webdesignvungtau.com\/en\/bang-gia\/","title":{"rendered":"Price list"},"content":{"rendered":"<div class=\"grve-section grve-feature-header\" data-section-title=\"\" data-section-type=\"fullwidth-background\" data-image-type=\"none\" data-full-height=\"no\"  style=\"background-color:#e5e5e5;padding-top: 70px;padding-bottom: 70px;\"><div class=\"grve-row grve-bookmark\"><div class=\"wpb_column grve-column grve-bookmark grve-column-1-4\"><div class=\"grve-element grve-pricing-table\" style=\"\">  <div class=\"grve-pricing-header\">    <h6 class=\"grve-pricing-title\">Basic<\/h6>    <h4 class=\"grve-price\">2,990,000 vnd <span><\/span><\/h4>  <\/div>  <ul><li><strong>Pre-built interface <\/strong><\/li><li><strong>SSL certificate <\/strong><\/li><li><strong>Free 1 year hosting (2GB) <\/strong><\/li>  <\/ul><a class=\"grve-btn grve-btn-medium grve-square grve-bg-primary-1\" href=\"https:\/\/webdesignvungtau.com\/en\/lien-he\/\" target=\"_self\" style=\"\"><span>Contact Us<\/span><\/a><\/div><\/div><div class=\"wpb_column grve-column grve-bookmark grve-column-1-4\"><div class=\"grve-element grve-pricing-table grve-pricing-feature\" style=\"\">  <div class=\"grve-pricing-header\">    <h6 class=\"grve-pricing-title\">Professional<\/h6>    <h4 class=\"grve-price\">4,990,000 vnd <span><\/span><\/h4>  <\/div>  <ul><li><strong>Pre-built interface with modifications <\/strong><\/li><li><strong>SSL certificate <\/strong><\/li><li><strong>Integrated store <\/strong><\/li><li><strong>Logo design <\/strong><\/li><li><strong>Free 1 year hosting (2GB) <\/strong><\/li>  <\/ul><a class=\"grve-btn grve-btn-medium grve-square grve-bg-primary-1\" href=\"https:\/\/webdesignvungtau.com\/en\/lien-he\/\" target=\"_self\" style=\"\"><span>Contact Us<\/span><\/a><\/div><\/div><div class=\"wpb_column grve-column grve-bookmark grve-column-1-4\"><div class=\"grve-element grve-pricing-table\" style=\"\">  <div class=\"grve-pricing-header\">    <h6 class=\"grve-pricing-title\">Advanced<\/h6>    <h4 class=\"grve-price\">Contact Us <span><\/span><\/h4>  <\/div>  <ul><li><strong>Customizable interface <\/strong><\/li><li><strong>SSL certificate <\/strong><\/li><li><strong>Full design package <\/strong><\/li><li><strong>Google ADS <\/strong><\/li><li><strong>Free 1 year hosting (2GB) <\/strong><\/li>  <\/ul><a class=\"grve-btn grve-btn-medium grve-square grve-bg-primary-1\" href=\"https:\/\/webdesignvungtau.com\/en\/lien-he\/\" target=\"_self\" style=\"\"><span>Contact Us<\/span><\/a><\/div><\/div><div class=\"wpb_column grve-column grve-bookmark grve-column-1-4\"><div class=\"grve-element grve-pricing-table\" style=\"\">  <div class=\"grve-pricing-header\">    <h6 class=\"grve-pricing-title\">Photography<\/h6>    <h4 class=\"grve-price\">Contact Us <span><\/span><\/h4>  <\/div>  <ul><li><strong>Product Photography <\/strong><\/li><li><strong>Company photography <\/strong><\/li><li><strong>Video production <\/strong><\/li>  <\/ul><a class=\"grve-btn grve-btn-medium grve-square grve-bg-primary-1\" href=\"https:\/\/webdesignvungtau.com\/en\/lien-he\/\" target=\"_self\" style=\"\"><span>Contact Us<\/span><\/a><\/div><\/div> <\/div><div class=\"grve-background-wrapper\"><\/div><\/div><div class=\"grve-section\" data-section-title=\"\" data-section-type=\"fullwidth-background\" data-image-type=\"none\" data-full-height=\"no\"  style=\"padding-top: 40px;\"><div class=\"grve-row grve-bookmark\"><div class=\"wpb_column grve-column grve-bookmark grve-column-1\"><h5 class=\"grve-element grve-align-left grve-title-no-line grve-h5\" style=\"margin-bottom: 30px;\"><span>Q&amp;A<\/span><\/h5><\/div> <\/div><div class=\"grve-background-wrapper\"><\/div><\/div><div class=\"grve-section\" data-section-title=\"\" data-section-type=\"fullwidth-background\" data-image-type=\"none\" data-full-height=\"no\"  style=\"margin-bottom: 60px;\"><div class=\"grve-row grve-bookmark\"><div class=\"wpb_column grve-column grve-bookmark grve-column-1-2\"><div class=\"grve-element grve-accordion\" style=\"\"><ul class=\"grve-accordion-wrapper grve-first-open\"><li class=\"\"><div class=\"grve-title\"> How long does each service package last?<\/div><div class=\"grve-content\"><div class=\"grve-element grve-text\"><div class=\"fw-iconbox sh-5a2bfbdc17ce78bf0ad7d50a6c5fa1c6\">\n<div class=\"info-pricing\">\n<div class=\"text\">\n<div class=\"text-description text-gray\">\n<p>B\u1ea3ng gi\u00e1 thi\u1ebft k\u1ebf website tr\u00ean bao g\u1ed3m ho\u1ea1t \u0111\u1ed9ng c\u1ee7a website trong 1 n\u0103m. N\u0103m ti\u1ebfp theo, kh\u00e1ch h\u00e0ng s\u1ebd thanh to\u00e1n th\u00eam ph\u00ed hosting v\u00e0 ph\u00ed b\u1ea3o tr\u00ec &#8211; 1,200,000\u0111\/n\u0103m. B\u00ean c\u1ea1nh \u0111\u00f3, kh\u00e1ch h\u00e0ng c\u1ea7n tr\u1ea3 th\u00eam chi ph\u00ed t\u00ean mi\u1ec1n, trong kho\u1ea3ng 350,000 &#8211; 750,000\u0111\/n\u0103m, tu\u1ef3 lo\u1ea1i t\u00ean mi\u1ec1n .com. ho\u1eb7c .vn<\/p>\n<\/div>\n<\/div>\n<\/div>\n<\/div>\n<\/div><\/div><\/li><li class=\"\"><div class=\"grve-title\"> I want a custom design package?<\/div><div class=\"grve-content\"><div class=\"grve-element grve-text\"><div class=\"col-md-6 sh-d36f57c48fe6b65235ef6103465bf35b\">\n<div class=\"fly-col-inner none\">\n<div class=\"fw-iconbox sh-76d5eb340d777b3e723e31abe04f5d19\">\n<div class=\"info-pricing\">\n<div class=\"text\">\n<div class=\"text-description text-gray\">\n<p>Yes, it's possible. Please contact us to get a specific quote for your requirements.<\/p>\n<\/div>\n<\/div>\n<\/div>\n<\/div>\n<\/div>\n<\/div>\n<\/div><\/div><\/li><\/ul><\/div><\/div><div class=\"wpb_column grve-column grve-bookmark grve-column-1-2\"><div class=\"grve-element grve-accordion\" style=\"\"><ul class=\"grve-accordion-wrapper grve-first-open\"><li class=\"\"><div class=\"grve-title\"> Do startups get a discount?<\/div><div class=\"grve-content\"><div class=\"grve-element grve-text\"><div class=\"row\">\n<div class=\"col-md-6 sh-0a88a8a5b7d2e7118cc25485649ede46\">\n<div class=\"fly-col-inner none\">\n<div class=\"fw-iconbox sh-80b77ea313b93a47db45e3f161438175\">\n<div class=\"info-pricing\">\n<div class=\"text\">\n<div class=\"text-description text-gray\">\n<p>Yes. We will support 10% of the cost on the website design price list, accompanying your business on its startup journey.<\/p>\n<\/div>\n<\/div>\n<\/div>\n<\/div>\n<\/div>\n<\/div>\n<\/div>\n<\/div><\/div><\/li><li class=\"\"><div class=\"grve-title\"> Sync between store on website and Facebook<\/div><div class=\"grve-content\"><div class=\"grve-element grve-text\"><p>Currently, this feature has been removed by Facebook, and it is no longer possible to create a storefront on Facebook in Vietnam.<\/p>\n<\/div><\/div><\/li><\/ul><\/div><\/div> <\/div><div class=\"grve-background-wrapper\"><\/div><\/div>","protected":false},"excerpt":{"rendered":"C\u01a1 b\u1ea3n 2,990,000 vnd Giao di\u1ec7n d\u1ef1ng s\u1eb5n Ch\u1ee9ng ch\u1ec9 SSL T\u1eb7ng 1 n\u0103m hosting 2Gb Li\u00ean h\u1ec7 Chuy\u00ean nghi\u1ec7p 4,990,000 vnd Giao di\u1ec7n d\u1ef1ng s\u1eb5n c\u00f3 ch\u1ec9nh s\u1eeda Ch\u1ee9ng ch\u1ec9 SSL T\u00edch h\u1ee3p c\u1eeda h\u00e0ng Thi\u1ebft k\u1ebf logo T\u1eb7ng 1 n\u0103m hosting 2Gb Li\u00ean h\u1ec7 N\u00e2ng cao Li\u00ean h\u1ec7 Giao di\u1ec7n tu\u1ef3 bi\u1ebfn Ch\u1ee9ng [...]","protected":false},"author":2,"featured_media":0,"parent":0,"menu_order":0,"comment_status":"closed","ping_status":"closed","template":"","meta":{"footnotes":""},"class_list":["post-4701","page","type-page","status-publish","hentry"],"yoast_head":"<!-- This site is optimized with the Yoast SEO plugin v24.2 - https:\/\/yoast.com\/wordpress\/plugins\/seo\/ -->\n<title>B\u1ea3ng gi\u00e1 - WebDesign V\u0169ng T\u00e0u<\/title>\n<meta name=\"robots\" content=\"index, follow, max-snippet:-1, max-image-preview:large, max-video-preview:-1\" \/>\n<link rel=\"canonical\" href=\"https:\/\/webdesignvungtau.com\/en\/bang-gia\/\" \/>\n<meta property=\"og:locale\" content=\"en_US\" \/>\n<meta property=\"og:type\" content=\"article\" \/>\n<meta property=\"og:title\" content=\"B\u1ea3ng gi\u00e1 - WebDesign V\u0169ng T\u00e0u\" \/>\n<meta property=\"og:url\" content=\"https:\/\/webdesignvungtau.com\/en\/bang-gia\/\" \/>\n<meta property=\"og:site_name\" content=\"WebDesign V\u0169ng T\u00e0u\" \/>\n<meta property=\"article:publisher\" content=\"https:\/\/www.facebook.com\/WebDesignVungtau\" \/>\n<meta property=\"article:modified_time\" content=\"2025-05-29T03:19:26+00:00\" \/>\n<meta name=\"twitter:card\" content=\"summary_large_image\" \/>\n<meta name=\"twitter:label1\" content=\"Est. reading time\" \/>\n\t<meta name=\"twitter:data1\" content=\"2 minutes\" \/>\n<script type=\"application\/ld+json\" class=\"yoast-schema-graph\">{\"@context\":\"https:\/\/schema.org\",\"@graph\":[{\"@type\":\"WebPage\",\"@id\":\"https:\/\/webdesignvungtau.com\/bang-gia\/\",\"url\":\"https:\/\/webdesignvungtau.com\/bang-gia\/\",\"name\":\"B\u1ea3ng gi\u00e1 - WebDesign V\u0169ng T\u00e0u\",\"isPartOf\":{\"@id\":\"https:\/\/webdesignvungtau.com\/#website\"},\"datePublished\":\"2025-01-14T13:02:10+00:00\",\"dateModified\":\"2025-05-29T03:19:26+00:00\",\"breadcrumb\":{\"@id\":\"https:\/\/webdesignvungtau.com\/bang-gia\/#breadcrumb\"},\"inLanguage\":\"en-US\",\"potentialAction\":[{\"@type\":\"ReadAction\",\"target\":[\"https:\/\/webdesignvungtau.com\/bang-gia\/\"]}]},{\"@type\":\"BreadcrumbList\",\"@id\":\"https:\/\/webdesignvungtau.com\/bang-gia\/#breadcrumb\",\"itemListElement\":[{\"@type\":\"ListItem\",\"position\":1,\"name\":\"Home\",\"item\":\"https:\/\/webdesignvungtau.com\/\"},{\"@type\":\"ListItem\",\"position\":2,\"name\":\"B\u1ea3ng gi\u00e1\"}]},{\"@type\":\"WebSite\",\"@id\":\"https:\/\/webdesignvungtau.com\/#website\",\"url\":\"https:\/\/webdesignvungtau.com\/\",\"name\":\"WebDesign V\u0169ng T\u00e0u\",\"description\":\"Thi\u1ebft k\u1ebf Web V\u0169ng T\u00e0u - Thi\u1ebft k\u1ebf website, logo, banner, marketing online, qu\u1ea3ng c\u00e1o Facebook, Google Ads\",\"publisher\":{\"@id\":\"https:\/\/webdesignvungtau.com\/#organization\"},\"potentialAction\":[{\"@type\":\"SearchAction\",\"target\":{\"@type\":\"EntryPoint\",\"urlTemplate\":\"https:\/\/webdesignvungtau.com\/?s={search_term_string}\"},\"query-input\":{\"@type\":\"PropertyValueSpecification\",\"valueRequired\":true,\"valueName\":\"search_term_string\"}}],\"inLanguage\":\"en-US\"},{\"@type\":\"Organization\",\"@id\":\"https:\/\/webdesignvungtau.com\/#organization\",\"name\":\"WebDesign V\u0169ng T\u00e0u\",\"url\":\"https:\/\/webdesignvungtau.com\/\",\"logo\":{\"@type\":\"ImageObject\",\"inLanguage\":\"en-US\",\"@id\":\"https:\/\/webdesignvungtau.com\/#\/schema\/logo\/image\/\",\"url\":\"https:\/\/webdesignvungtau.com\/wp-content\/uploads\/2024\/12\/cropped-cropped-Asset-1logo_web.png\",\"contentUrl\":\"https:\/\/webdesignvungtau.com\/wp-content\/uploads\/2024\/12\/cropped-cropped-Asset-1logo_web.png\",\"width\":512,\"height\":512,\"caption\":\"WebDesign V\u0169ng T\u00e0u\"},\"image\":{\"@id\":\"https:\/\/webdesignvungtau.com\/#\/schema\/logo\/image\/\"},\"sameAs\":[\"https:\/\/www.facebook.com\/WebDesignVungtau\"]}]}<\/script>\n<!-- \/ Yoast SEO plugin. -->","yoast_head_json":{"title":"B\u1ea3ng gi\u00e1 - WebDesign V\u0169ng T\u00e0u","robots":{"index":"index","follow":"follow","max-snippet":"max-snippet:-1","max-image-preview":"max-image-preview:large","max-video-preview":"max-video-preview:-1"},"canonical":"https:\/\/webdesignvungtau.com\/en\/bang-gia\/","og_locale":"en_US","og_type":"article","og_title":"B\u1ea3ng gi\u00e1 - WebDesign V\u0169ng T\u00e0u","og_url":"https:\/\/webdesignvungtau.com\/en\/bang-gia\/","og_site_name":"WebDesign V\u0169ng T\u00e0u","article_publisher":"https:\/\/www.facebook.com\/WebDesignVungtau","article_modified_time":"2025-05-29T03:19:26+00:00","twitter_card":"summary_large_image","twitter_misc":{"Est. reading time":"2 minutes"},"schema":{"@context":"https:\/\/schema.org","@graph":[{"@type":"WebPage","@id":"https:\/\/webdesignvungtau.com\/bang-gia\/","url":"https:\/\/webdesignvungtau.com\/bang-gia\/","name":"B\u1ea3ng gi\u00e1 - WebDesign V\u0169ng T\u00e0u","isPartOf":{"@id":"https:\/\/webdesignvungtau.com\/#website"},"datePublished":"2025-01-14T13:02:10+00:00","dateModified":"2025-05-29T03:19:26+00:00","breadcrumb":{"@id":"https:\/\/webdesignvungtau.com\/bang-gia\/#breadcrumb"},"inLanguage":"en-US","potentialAction":[{"@type":"ReadAction","target":["https:\/\/webdesignvungtau.com\/bang-gia\/"]}]},{"@type":"BreadcrumbList","@id":"https:\/\/webdesignvungtau.com\/bang-gia\/#breadcrumb","itemListElement":[{"@type":"ListItem","position":1,"name":"Home","item":"https:\/\/webdesignvungtau.com\/"},{"@type":"ListItem","position":2,"name":"B\u1ea3ng gi\u00e1"}]},{"@type":"WebSite","@id":"https:\/\/webdesignvungtau.com\/#website","url":"https:\/\/webdesignvungtau.com\/","name":"WebDesign V\u0169ng T\u00e0u","description":"Thi\u1ebft k\u1ebf Web V\u0169ng T\u00e0u - Thi\u1ebft k\u1ebf website, logo, banner, marketing online, qu\u1ea3ng c\u00e1o Facebook, Google Ads","publisher":{"@id":"https:\/\/webdesignvungtau.com\/#organization"},"potentialAction":[{"@type":"SearchAction","target":{"@type":"EntryPoint","urlTemplate":"https:\/\/webdesignvungtau.com\/?s={search_term_string}"},"query-input":{"@type":"PropertyValueSpecification","valueRequired":true,"valueName":"search_term_string"}}],"inLanguage":"en-US"},{"@type":"Organization","@id":"https:\/\/webdesignvungtau.com\/#organization","name":"WebDesign V\u0169ng T\u00e0u","url":"https:\/\/webdesignvungtau.com\/","logo":{"@type":"ImageObject","inLanguage":"en-US","@id":"https:\/\/webdesignvungtau.com\/#\/schema\/logo\/image\/","url":"https:\/\/webdesignvungtau.com\/wp-content\/uploads\/2024\/12\/cropped-cropped-Asset-1logo_web.png","contentUrl":"https:\/\/webdesignvungtau.com\/wp-content\/uploads\/2024\/12\/cropped-cropped-Asset-1logo_web.png","width":512,"height":512,"caption":"WebDesign V\u0169ng T\u00e0u"},"image":{"@id":"https:\/\/webdesignvungtau.com\/#\/schema\/logo\/image\/"},"sameAs":["https:\/\/www.facebook.com\/WebDesignVungtau"]}]}},"_links":{"self":[{"href":"https:\/\/webdesignvungtau.com\/en\/wp-json\/wp\/v2\/pages\/4701","targetHints":{"allow":["GET"]}}],"collection":[{"href":"https:\/\/webdesignvungtau.com\/en\/wp-json\/wp\/v2\/pages"}],"about":[{"href":"https:\/\/webdesignvungtau.com\/en\/wp-json\/wp\/v2\/types\/page"}],"author":[{"embeddable":true,"href":"https:\/\/webdesignvungtau.com\/en\/wp-json\/wp\/v2\/users\/2"}],"replies":[{"embeddable":true,"href":"https:\/\/webdesignvungtau.com\/en\/wp-json\/wp\/v2\/comments?post=4701"}],"version-history":[{"count":1,"href":"https:\/\/webdesignvungtau.com\/en\/wp-json\/wp\/v2\/pages\/4701\/revisions"}],"predecessor-version":[{"id":4911,"href":"https:\/\/webdesignvungtau.com\/en\/wp-json\/wp\/v2\/pages\/4701\/revisions\/4911"}],"wp:attachment":[{"href":"https:\/\/webdesignvungtau.com\/en\/wp-json\/wp\/v2\/media?parent=4701"}],"curies":[{"name":"wp","href":"https:\/\/api.w.org\/{rel}","templated":true}]}}