{"id":4615,"date":"2025-01-13T12:55:47","date_gmt":"2025-01-13T12:55:47","guid":{"rendered":"https:\/\/webdesignvungtau.com\/?page_id=4615"},"modified":"2026-02-04T00:41:18","modified_gmt":"2026-02-04T00:41:18","slug":"gioi-thieu","status":"publish","type":"page","link":"https:\/\/webdesignvungtau.com\/en\/gioi-thieu\/","title":{"rendered":"About Us"},"content":{"rendered":"<div class=\"grve-section grve-feature-header\" data-section-title=\"\" data-section-type=\"fullwidth-element\" data-image-type=\"none\" data-full-height=\"no\"  style=\"padding-top: 100px;padding-bottom: 100px;margin-bottom: 0px;\"><div class=\"grve-row grve-bookmark\"><div class=\"wpb_column grve-column grve-bookmark grve-column-1-3 vc_custom_1416152756664\"><div class=\"grve-element grve-box-icon grve-align-center\" style=\"\">  <div class=\"grve-icon grve-large grve-simple grve-no-shape grve-color-primary-1 fas fa-chalkboard-teacher\"><\/div>  <div class=\"grve-box-content\"><h5 class=\"grve-box-title\"><span>Professional<\/span><\/h5>    <p class=\"\">Innovative thinking to keep up with trends. Bringing the most complete products to customers.<\/p>  <\/div><\/div><\/div><div class=\"wpb_column grve-column grve-bookmark grve-column-1-3 vc_custom_1414955155672\"><div class=\"grve-element grve-box-icon grve-align-center\" style=\"\">  <div class=\"grve-icon grve-large grve-simple grve-no-shape grve-color-primary-1 fas fa-heart\"><\/div>  <div class=\"grve-box-content\"><h5 class=\"grve-box-title\"><span>Long-term Commitment<\/span><\/h5>    <p class=\"\">Our goal is long-term engagement, with customers as well as among team members.<\/p>  <\/div><\/div><\/div><div class=\"wpb_column grve-column grve-bookmark grve-column-1-3 vc_custom_1416152773414\"><div class=\"grve-element grve-box-icon grve-align-center\" style=\"\">  <div class=\"grve-icon grve-large grve-simple grve-no-shape grve-color-primary-1 fas fa-globe-americas\"><\/div>  <div class=\"grve-box-content\"><h5 class=\"grve-box-title\"><span>International Environment<\/span><\/h5>    <p class=\"\">Our team has experience working with foreign companies. We have links with Japanese technical companies in Vietnam.<\/p>  <\/div><\/div><\/div> <\/div><div class=\"grve-background-wrapper\"><\/div><\/div><div class=\"grve-section\" data-section-title=\"\" data-section-type=\"fullwidth-background\" data-image-type=\"none\" data-full-height=\"no\"  style=\"padding-top: 120px;padding-bottom: 120px;\"><div class=\"grve-row grve-bookmark\"><div class=\"wpb_column grve-column grve-bookmark grve-column-2-3 vc_custom_1418331046264 grve-tablet-column-1 grve-tablet-sm-column-1\"  style=\"color:#ffffff;\"><div class=\"grve-element grve-text grve-leader-text\"><p style=\"text-align: left;\">Skills<\/p>\n<\/div><div class=\"grve-element grve-progress-bars grve-style-1 grve-line-square\" style=\"margin-bottom: 50px;\"><div class=\"grve-element grve-progress-bar grve-margin-10\" data-value=\"90\">  <div class=\"grve-bar-title\">Coding<\/div>  <div class=\"grve-bar\">    <div class=\"grve-bar-line grve-bg-orange\" style=\"\"><\/div>  <\/div><\/div><div class=\"grve-element grve-progress-bar grve-margin-10\" data-value=\"82\">  <div class=\"grve-bar-title\">Design<\/div>  <div class=\"grve-bar\">    <div class=\"grve-bar-line grve-bg-blue\" style=\"\"><\/div>  <\/div><\/div><div class=\"grve-element grve-progress-bar grve-margin-10\" data-value=\"75\">  <div class=\"grve-bar-title\">Marketing<\/div>  <div class=\"grve-bar\">    <div class=\"grve-bar-line grve-bg-orange\" style=\"\"><\/div>  <\/div><\/div><div class=\"grve-element grve-progress-bar grve-margin-10\" data-value=\"83\">  <div class=\"grve-bar-title\">Photography<\/div>  <div class=\"grve-bar\">    <div class=\"grve-bar-line grve-bg-orange\" style=\"\"><\/div>  <\/div><\/div><\/div><\/div><div class=\"wpb_column grve-column grve-bookmark grve-column-1-3 vc_custom_1418331059251 grve-tablet-column-1 grve-tablet-sm-column-1\"  style=\"color:#6e7177;\"><div class=\"grve-element grve-text grve-leader-text\"><p style=\"text-align: center;\">Our Motto<\/p>\n<\/div><div class=\"grve-element grve-hr grve-line-divider\" style=\"\"><\/div><div class=\"grve-element grve-text\"><p style=\"text-align: center;\">\"Attitude determines success.\" This is our motto. Always striving, making efforts, working diligently, and bringing the greatest value to our customers.<\/p>\n<\/div><div class=\"grve-element grve-align-center\"><a class=\"grve-btn grve-btn-large grve-square grve-blue-color\" href=\"https:\/\/webdesignvungtau.com\/en\/lien-he\/\" target=\"_self\" style=\"\"><span>Contact Us<\/span><\/a><\/div><\/div> <\/div><div class=\"grve-background-wrapper\">  <div class=\"grve-dark-overlay grve-overlay-60\"><\/div>  <div class=\"grve-bg-image\"   style=\"background-image: url(https:\/\/webdesignvungtau.com\/wp-content\/uploads\/2025\/01\/deskbg.jpg);\"><\/div><\/div><\/div><div id=\"section1\" class=\"grve-section\" data-section-title=\"\" data-section-type=\"fullwidth-background\" data-image-type=\"none\" data-full-height=\"no\"  style=\"padding-top: 80px;padding-bottom: 80px;\"><div class=\"grve-row grve-bookmark\"><div class=\"wpb_column grve-column grve-bookmark grve-column-1 vc_custom_1415523528328\"><div class=\"grve-element grve-image grve-animated-item grve-fadeInUp grve-align-center\" style=\"\" data-delay=\"350\"><\/div><h4 class=\"grve-element grve-align-center grve-title-line grve-h4 grve-animated-item grve-fadeIn\" style=\"\" data-delay=\"150\"><span>ABOUT US<\/span><\/h4><div class=\"grve-element grve-text grve-animated-item grve-fadeIn grve-leader-text vc_custom_1736774850506\" data-delay=\"250\"><p style=\"text-align: center;\">WebDesign Vungtau Team is a young, dynamic technical team from the Information Technology department of LS E&amp;C Co., Ltd. Our goal is to connect startups, small and medium-sized businesses to grow together.<\/p>\n<\/div><\/div> <\/div><div class=\"grve-background-wrapper\"><\/div><\/div><div class=\"grve-section grve-light grve-feature-footer\" data-section-title=\"\" data-section-type=\"fullwidth-background\" data-image-type=\"none\" data-full-height=\"no\"  style=\"background-color:#303030;color:#ffffff;padding-top: 120px;\"><div class=\"grve-row grve-bookmark\"><div class=\"wpb_column grve-column grve-bookmark grve-column-1\"><div class=\"grve-element grve-slogan grve-align-center grve-animated-item grve-fadeIn\" style=\"margin-bottom: 60px;\" data-delay=\"100\"><div class=\"grve-subtitle\">Webdesign Vungtau team<\/div><h3 class=\"grve-slogan-title grve-align-center grve-title-no-line\"><span>Team members<\/span><\/h3>  <p class=\"\"><\/p><\/div><div class=\"grve-row grve-bookmark vc_custom_1416141185132\"><div class=\"wpb_column grve-column grve-bookmark grve-column-1-3\">\r\n\t\t<div class=\"grve-team grve-element grve-animated-item grve-fadeIn\" style=\"\" data-delay=\"200\">\r\n\t\t\t<figure class=\"grve-image-hover grve-style-2 grve-zoom-in\">\r\n\t\t\t\t<div class=\"grve-team-person grve-media grve-light-overlay grve-opacity-60\">\r\n\t\t\t\t\t<img loading=\"lazy\" decoding=\"async\" width=\"560\" height=\"560\" src=\"https:\/\/webdesignvungtau.com\/wp-content\/uploads\/2025\/01\/123-1-560x560.jpg\" class=\"attachment-grve-image-small-square size-grve-image-small-square\" alt=\"\" srcset=\"https:\/\/webdesignvungtau.com\/wp-content\/uploads\/2025\/01\/123-1-560x560.jpg 560w, https:\/\/webdesignvungtau.com\/wp-content\/uploads\/2025\/01\/123-1-300x300.jpg 300w, https:\/\/webdesignvungtau.com\/wp-content\/uploads\/2025\/01\/123-1-150x150.jpg 150w, https:\/\/webdesignvungtau.com\/wp-content\/uploads\/2025\/01\/123-1-80x80.jpg 80w, https:\/\/webdesignvungtau.com\/wp-content\/uploads\/2025\/01\/123-1-100x100.jpg 100w, https:\/\/webdesignvungtau.com\/wp-content\/uploads\/2025\/01\/123-1.jpg 600w\" sizes=\"auto, (max-width: 560px) 100vw, 560px\" \/>\t\t\t\t<\/div>\r\n\t\t\t\t<figcaption>\r\n\t\t\t\t\t<div class=\"grve-team-description\">\r\n\t\t\t\t\t\t\t\t\t\t\t\t<h6 class=\"grve-team-name grve-light grve-h6\">Minh Giang<\/h6>\r\n\t\t\t\t\t\t\t\t\t\t\t\t<small class=\"grve-team-identity grve-light\"><\/small>\r\n\t\t\t\t\t<\/div>\r\n\t\t\t\t\t\t\t\t\t\t<div class=\"grve-team-social grve-team-social-text grve-light\">\r\n\t\t\t\t\t\t<ul>\r\n\t\t\t\t\t\t\t<li><a href=\"#\" target=\"_blank\" rel=\"noopener noreferrer\">Facebook<\/a><\/li><li><a href=\"#\" target=\"_blank\" rel=\"noopener noreferrer\">X<\/a><\/li><li><a href=\"#\" target=\"_blank\" rel=\"noopener noreferrer\">Linkedin<\/a><\/li>\t\t\t\t\t\t<\/ul>\r\n\t\t\t\t\t<\/div>\r\n\t\t\t\t\t\t\t\t\t<\/figcaption>\r\n\t\t\t<\/figure>\r\n\t\t<\/div>\r\n\r\n\t\t<\/div><div class=\"wpb_column grve-column grve-bookmark grve-column-1-3\">\r\n\t\t<div class=\"grve-team grve-element grve-animated-item grve-fadeIn\" style=\"\" data-delay=\"400\">\r\n\t\t\t<figure class=\"grve-image-hover grve-style-2 grve-zoom-in\">\r\n\t\t\t\t<div class=\"grve-team-person grve-media grve-light-overlay grve-opacity-60\">\r\n\t\t\t\t\t<img loading=\"lazy\" decoding=\"async\" width=\"560\" height=\"560\" src=\"https:\/\/webdesignvungtau.com\/wp-content\/uploads\/2025\/01\/z6224250943077_dcf4522803096d637448e74d5929023a-560x560.jpg\" class=\"attachment-grve-image-small-square size-grve-image-small-square\" alt=\"\" srcset=\"https:\/\/webdesignvungtau.com\/wp-content\/uploads\/2025\/01\/z6224250943077_dcf4522803096d637448e74d5929023a-560x560.jpg 560w, https:\/\/webdesignvungtau.com\/wp-content\/uploads\/2025\/01\/z6224250943077_dcf4522803096d637448e74d5929023a-150x150.jpg 150w, https:\/\/webdesignvungtau.com\/wp-content\/uploads\/2025\/01\/z6224250943077_dcf4522803096d637448e74d5929023a-80x80.jpg 80w, https:\/\/webdesignvungtau.com\/wp-content\/uploads\/2025\/01\/z6224250943077_dcf4522803096d637448e74d5929023a-1120x1120.jpg 1120w, https:\/\/webdesignvungtau.com\/wp-content\/uploads\/2025\/01\/z6224250943077_dcf4522803096d637448e74d5929023a-300x300.jpg 300w, https:\/\/webdesignvungtau.com\/wp-content\/uploads\/2025\/01\/z6224250943077_dcf4522803096d637448e74d5929023a-100x100.jpg 100w\" sizes=\"auto, (max-width: 560px) 100vw, 560px\" \/>\t\t\t\t<\/div>\r\n\t\t\t\t<figcaption>\r\n\t\t\t\t\t<div class=\"grve-team-description\">\r\n\t\t\t\t\t\t\t\t\t\t\t\t<h6 class=\"grve-team-name grve-light grve-h6\">Huy Chung<\/h6>\r\n\t\t\t\t\t\t\t\t\t\t\t\t<small class=\"grve-team-identity grve-light\"><\/small>\r\n\t\t\t\t\t<\/div>\r\n\t\t\t\t\t\t\t\t\t\t<div class=\"grve-team-social grve-team-social-text grve-light\">\r\n\t\t\t\t\t\t<ul>\r\n\t\t\t\t\t\t\t<li><a href=\"#\" target=\"_blank\" rel=\"noopener noreferrer\">Facebook<\/a><\/li><li><a href=\"#\" target=\"_blank\" rel=\"noopener noreferrer\">X<\/a><\/li><li><a href=\"#\" target=\"_blank\" rel=\"noopener noreferrer\">Linkedin<\/a><\/li>\t\t\t\t\t\t<\/ul>\r\n\t\t\t\t\t<\/div>\r\n\t\t\t\t\t\t\t\t\t<\/figcaption>\r\n\t\t\t<\/figure>\r\n\t\t<\/div>\r\n\r\n\t\t<\/div><div class=\"wpb_column grve-column grve-bookmark grve-column-1-3\">\r\n\t\t<div class=\"grve-team grve-element grve-animated-item grve-fadeIn\" style=\"\" data-delay=\"400\">\r\n\t\t\t<figure class=\"grve-image-hover grve-style-2 grve-zoom-in\">\r\n\t\t\t\t<div class=\"grve-team-person grve-media grve-light-overlay grve-opacity-60\">\r\n\t\t\t\t\t<img loading=\"lazy\" decoding=\"async\" width=\"560\" height=\"560\" src=\"https:\/\/webdesignvungtau.com\/wp-content\/uploads\/2025\/01\/IMG_6592_2-560x560.jpg\" class=\"attachment-grve-image-small-square size-grve-image-small-square\" alt=\"\" srcset=\"https:\/\/webdesignvungtau.com\/wp-content\/uploads\/2025\/01\/IMG_6592_2-560x560.jpg 560w, https:\/\/webdesignvungtau.com\/wp-content\/uploads\/2025\/01\/IMG_6592_2-300x300.jpg 300w, https:\/\/webdesignvungtau.com\/wp-content\/uploads\/2025\/01\/IMG_6592_2-1024x1024.jpg 1024w, https:\/\/webdesignvungtau.com\/wp-content\/uploads\/2025\/01\/IMG_6592_2-150x150.jpg 150w, https:\/\/webdesignvungtau.com\/wp-content\/uploads\/2025\/01\/IMG_6592_2-768x768.jpg 768w, https:\/\/webdesignvungtau.com\/wp-content\/uploads\/2025\/01\/IMG_6592_2-1536x1536.jpg 1536w, https:\/\/webdesignvungtau.com\/wp-content\/uploads\/2025\/01\/IMG_6592_2-80x80.jpg 80w, https:\/\/webdesignvungtau.com\/wp-content\/uploads\/2025\/01\/IMG_6592_2-1120x1120.jpg 1120w, https:\/\/webdesignvungtau.com\/wp-content\/uploads\/2025\/01\/IMG_6592_2-1920x1920.jpg 1920w, https:\/\/webdesignvungtau.com\/wp-content\/uploads\/2025\/01\/IMG_6592_2-600x600.jpg 600w, https:\/\/webdesignvungtau.com\/wp-content\/uploads\/2025\/01\/IMG_6592_2-100x100.jpg 100w\" sizes=\"auto, (max-width: 560px) 100vw, 560px\" \/>\t\t\t\t<\/div>\r\n\t\t\t\t<figcaption>\r\n\t\t\t\t\t<div class=\"grve-team-description\">\r\n\t\t\t\t\t\t\t\t\t\t\t\t<h6 class=\"grve-team-name grve-light grve-h6\">Ph\u00fa Nguy\u1ec5n<\/h6>\r\n\t\t\t\t\t\t\t\t\t\t\t\t<small class=\"grve-team-identity grve-light\"><\/small>\r\n\t\t\t\t\t<\/div>\r\n\t\t\t\t\t\t\t\t\t\t<div class=\"grve-team-social grve-team-social-text grve-light\">\r\n\t\t\t\t\t\t<ul>\r\n\t\t\t\t\t\t\t<li><a href=\"#\" target=\"_blank\" rel=\"noopener noreferrer\">Facebook<\/a><\/li><li><a href=\"#\" target=\"_blank\" rel=\"noopener noreferrer\">X<\/a><\/li><li><a href=\"#\" target=\"_blank\" rel=\"noopener noreferrer\">Linkedin<\/a><\/li>\t\t\t\t\t\t<\/ul>\r\n\t\t\t\t\t<\/div>\r\n\t\t\t\t\t\t\t\t\t<\/figcaption>\r\n\t\t\t<\/figure>\r\n\t\t<\/div>\r\n\r\n\t\t<\/div><\/div><\/div> <\/div><div class=\"grve-background-wrapper\"><\/div><\/div>","protected":false},"excerpt":{"rendered":"Chuy\u00ean nghi\u1ec7p \u0110\u1ed5i m\u1edbi t\u01b0 duy \u0111\u1ec3 b\u1eaft k\u1ecbp xu h\u01b0\u1edbng. Mang \u0111\u1ebfn nh\u1eefng s\u1ea3n ph\u1ea9m ho\u00e0n thi\u1ec7n nh\u1ea5t cho kh\u00e1ch h\u00e0ng. G\u1eafn b\u00f3 l\u00e2u d\u00e0i M\u1ee5c ti\u00eau c\u1ee7a ch\u00fang t\u00f4i l\u00e0 g\u1eafn b\u00f3 d\u00e0i h\u1ea1n, v\u1edbi kh\u00e1ch h\u00e0ng c\u0169ng nh\u01b0 gi\u1eefa c\u00e1c th\u00e0nh vi\u00ean. M\u00f4i tr\u01b0\u1eddng qu\u1ed1c t\u1ebf \u0110\u1ed9i ng\u0169 ch\u00fang t\u00f4i c\u00f3 kinh [...]","protected":false},"author":2,"featured_media":0,"parent":0,"menu_order":0,"comment_status":"closed","ping_status":"closed","template":"","meta":{"footnotes":""},"class_list":["post-4615","page","type-page","status-publish","hentry"],"yoast_head":"<!-- This site is optimized with the Yoast SEO plugin v24.2 - https:\/\/yoast.com\/wordpress\/plugins\/seo\/ -->\n<title>Gi\u1edbi thi\u1ec7u - WebDesign V\u0169ng T\u00e0u<\/title>\n<meta name=\"description\" content=\"Gi\u1edbi thi\u1ec7u s\u01a1 l\u01b0\u1ee3c v\u1ec1 \u0110\u1ed9i ng\u0169 Webdesign V\u0169ng T\u00e0u. M\u1ee5c ti\u00eau, \u0111\u1ecbnh h\u01b0\u1edbng, ph\u01b0\u01a1ng ch\u00e2m, k\u1ef9 n\u0103ng, c\u00e1c th\u00e0nh vi\u00ean c\u1ee7a team.\" \/>\n<meta name=\"robots\" content=\"index, follow, max-snippet:-1, max-image-preview:large, max-video-preview:-1\" \/>\n<link rel=\"canonical\" href=\"https:\/\/webdesignvungtau.com\/en\/gioi-thieu\/\" \/>\n<meta property=\"og:locale\" content=\"en_US\" \/>\n<meta property=\"og:type\" content=\"article\" \/>\n<meta property=\"og:title\" content=\"Gi\u1edbi thi\u1ec7u - WebDesign V\u0169ng T\u00e0u\" \/>\n<meta property=\"og:description\" content=\"Gi\u1edbi thi\u1ec7u s\u01a1 l\u01b0\u1ee3c v\u1ec1 \u0110\u1ed9i ng\u0169 Webdesign V\u0169ng T\u00e0u. M\u1ee5c ti\u00eau, \u0111\u1ecbnh h\u01b0\u1edbng, ph\u01b0\u01a1ng ch\u00e2m, k\u1ef9 n\u0103ng, c\u00e1c th\u00e0nh vi\u00ean c\u1ee7a team.\" \/>\n<meta property=\"og:url\" content=\"https:\/\/webdesignvungtau.com\/en\/gioi-thieu\/\" \/>\n<meta property=\"og:site_name\" content=\"WebDesign V\u0169ng T\u00e0u\" \/>\n<meta property=\"article:publisher\" content=\"https:\/\/www.facebook.com\/WebDesignVungtau\" \/>\n<meta property=\"article:modified_time\" content=\"2026-02-04T00:41:18+00:00\" \/>\n<meta name=\"twitter:card\" content=\"summary_large_image\" \/>\n<meta name=\"twitter:label1\" content=\"Est. reading time\" \/>\n\t<meta name=\"twitter:data1\" content=\"3 minutes\" \/>\n<script type=\"application\/ld+json\" class=\"yoast-schema-graph\">{\"@context\":\"https:\/\/schema.org\",\"@graph\":[{\"@type\":\"WebPage\",\"@id\":\"https:\/\/webdesignvungtau.com\/gioi-thieu\/\",\"url\":\"https:\/\/webdesignvungtau.com\/gioi-thieu\/\",\"name\":\"Gi\u1edbi thi\u1ec7u - WebDesign V\u0169ng T\u00e0u\",\"isPartOf\":{\"@id\":\"https:\/\/webdesignvungtau.com\/#website\"},\"datePublished\":\"2025-01-13T12:55:47+00:00\",\"dateModified\":\"2026-02-04T00:41:18+00:00\",\"description\":\"Gi\u1edbi thi\u1ec7u s\u01a1 l\u01b0\u1ee3c v\u1ec1 \u0110\u1ed9i ng\u0169 Webdesign V\u0169ng T\u00e0u. M\u1ee5c ti\u00eau, \u0111\u1ecbnh h\u01b0\u1edbng, ph\u01b0\u01a1ng ch\u00e2m, k\u1ef9 n\u0103ng, c\u00e1c th\u00e0nh vi\u00ean c\u1ee7a team.\",\"breadcrumb\":{\"@id\":\"https:\/\/webdesignvungtau.com\/gioi-thieu\/#breadcrumb\"},\"inLanguage\":\"en-US\",\"potentialAction\":[{\"@type\":\"ReadAction\",\"target\":[\"https:\/\/webdesignvungtau.com\/gioi-thieu\/\"]}]},{\"@type\":\"BreadcrumbList\",\"@id\":\"https:\/\/webdesignvungtau.com\/gioi-thieu\/#breadcrumb\",\"itemListElement\":[{\"@type\":\"ListItem\",\"position\":1,\"name\":\"Home\",\"item\":\"https:\/\/webdesignvungtau.com\/\"},{\"@type\":\"ListItem\",\"position\":2,\"name\":\"Gi\u1edbi thi\u1ec7u\"}]},{\"@type\":\"WebSite\",\"@id\":\"https:\/\/webdesignvungtau.com\/#website\",\"url\":\"https:\/\/webdesignvungtau.com\/\",\"name\":\"WebDesign V\u0169ng T\u00e0u\",\"description\":\"Thi\u1ebft k\u1ebf Web V\u0169ng T\u00e0u - Thi\u1ebft k\u1ebf website, logo, banner, marketing online, qu\u1ea3ng c\u00e1o Facebook, Google Ads\",\"publisher\":{\"@id\":\"https:\/\/webdesignvungtau.com\/#organization\"},\"potentialAction\":[{\"@type\":\"SearchAction\",\"target\":{\"@type\":\"EntryPoint\",\"urlTemplate\":\"https:\/\/webdesignvungtau.com\/?s={search_term_string}\"},\"query-input\":{\"@type\":\"PropertyValueSpecification\",\"valueRequired\":true,\"valueName\":\"search_term_string\"}}],\"inLanguage\":\"en-US\"},{\"@type\":\"Organization\",\"@id\":\"https:\/\/webdesignvungtau.com\/#organization\",\"name\":\"WebDesign V\u0169ng T\u00e0u\",\"url\":\"https:\/\/webdesignvungtau.com\/\",\"logo\":{\"@type\":\"ImageObject\",\"inLanguage\":\"en-US\",\"@id\":\"https:\/\/webdesignvungtau.com\/#\/schema\/logo\/image\/\",\"url\":\"https:\/\/webdesignvungtau.com\/wp-content\/uploads\/2024\/12\/cropped-cropped-Asset-1logo_web.png\",\"contentUrl\":\"https:\/\/webdesignvungtau.com\/wp-content\/uploads\/2024\/12\/cropped-cropped-Asset-1logo_web.png\",\"width\":512,\"height\":512,\"caption\":\"WebDesign V\u0169ng T\u00e0u\"},\"image\":{\"@id\":\"https:\/\/webdesignvungtau.com\/#\/schema\/logo\/image\/\"},\"sameAs\":[\"https:\/\/www.facebook.com\/WebDesignVungtau\"]}]}<\/script>\n<!-- \/ Yoast SEO plugin. -->","yoast_head_json":{"title":"Gi\u1edbi thi\u1ec7u - WebDesign V\u0169ng T\u00e0u","description":"Gi\u1edbi thi\u1ec7u s\u01a1 l\u01b0\u1ee3c v\u1ec1 \u0110\u1ed9i ng\u0169 Webdesign V\u0169ng T\u00e0u. M\u1ee5c ti\u00eau, \u0111\u1ecbnh h\u01b0\u1edbng, ph\u01b0\u01a1ng ch\u00e2m, k\u1ef9 n\u0103ng, c\u00e1c th\u00e0nh vi\u00ean c\u1ee7a team.","robots":{"index":"index","follow":"follow","max-snippet":"max-snippet:-1","max-image-preview":"max-image-preview:large","max-video-preview":"max-video-preview:-1"},"canonical":"https:\/\/webdesignvungtau.com\/en\/gioi-thieu\/","og_locale":"en_US","og_type":"article","og_title":"Gi\u1edbi thi\u1ec7u - WebDesign V\u0169ng T\u00e0u","og_description":"Gi\u1edbi thi\u1ec7u s\u01a1 l\u01b0\u1ee3c v\u1ec1 \u0110\u1ed9i ng\u0169 Webdesign V\u0169ng T\u00e0u. M\u1ee5c ti\u00eau, \u0111\u1ecbnh h\u01b0\u1edbng, ph\u01b0\u01a1ng ch\u00e2m, k\u1ef9 n\u0103ng, c\u00e1c th\u00e0nh vi\u00ean c\u1ee7a team.","og_url":"https:\/\/webdesignvungtau.com\/en\/gioi-thieu\/","og_site_name":"WebDesign V\u0169ng T\u00e0u","article_publisher":"https:\/\/www.facebook.com\/WebDesignVungtau","article_modified_time":"2026-02-04T00:41:18+00:00","twitter_card":"summary_large_image","twitter_misc":{"Est. reading time":"3 minutes"},"schema":{"@context":"https:\/\/schema.org","@graph":[{"@type":"WebPage","@id":"https:\/\/webdesignvungtau.com\/gioi-thieu\/","url":"https:\/\/webdesignvungtau.com\/gioi-thieu\/","name":"Gi\u1edbi thi\u1ec7u - WebDesign V\u0169ng T\u00e0u","isPartOf":{"@id":"https:\/\/webdesignvungtau.com\/#website"},"datePublished":"2025-01-13T12:55:47+00:00","dateModified":"2026-02-04T00:41:18+00:00","description":"Gi\u1edbi thi\u1ec7u s\u01a1 l\u01b0\u1ee3c v\u1ec1 \u0110\u1ed9i ng\u0169 Webdesign V\u0169ng T\u00e0u. M\u1ee5c ti\u00eau, \u0111\u1ecbnh h\u01b0\u1edbng, ph\u01b0\u01a1ng ch\u00e2m, k\u1ef9 n\u0103ng, c\u00e1c th\u00e0nh vi\u00ean c\u1ee7a team.","breadcrumb":{"@id":"https:\/\/webdesignvungtau.com\/gioi-thieu\/#breadcrumb"},"inLanguage":"en-US","potentialAction":[{"@type":"ReadAction","target":["https:\/\/webdesignvungtau.com\/gioi-thieu\/"]}]},{"@type":"BreadcrumbList","@id":"https:\/\/webdesignvungtau.com\/gioi-thieu\/#breadcrumb","itemListElement":[{"@type":"ListItem","position":1,"name":"Home","item":"https:\/\/webdesignvungtau.com\/"},{"@type":"ListItem","position":2,"name":"Gi\u1edbi thi\u1ec7u"}]},{"@type":"WebSite","@id":"https:\/\/webdesignvungtau.com\/#website","url":"https:\/\/webdesignvungtau.com\/","name":"WebDesign V\u0169ng T\u00e0u","description":"Thi\u1ebft k\u1ebf Web V\u0169ng T\u00e0u - Thi\u1ebft k\u1ebf website, logo, banner, marketing online, qu\u1ea3ng c\u00e1o Facebook, Google Ads","publisher":{"@id":"https:\/\/webdesignvungtau.com\/#organization"},"potentialAction":[{"@type":"SearchAction","target":{"@type":"EntryPoint","urlTemplate":"https:\/\/webdesignvungtau.com\/?s={search_term_string}"},"query-input":{"@type":"PropertyValueSpecification","valueRequired":true,"valueName":"search_term_string"}}],"inLanguage":"en-US"},{"@type":"Organization","@id":"https:\/\/webdesignvungtau.com\/#organization","name":"WebDesign V\u0169ng T\u00e0u","url":"https:\/\/webdesignvungtau.com\/","logo":{"@type":"ImageObject","inLanguage":"en-US","@id":"https:\/\/webdesignvungtau.com\/#\/schema\/logo\/image\/","url":"https:\/\/webdesignvungtau.com\/wp-content\/uploads\/2024\/12\/cropped-cropped-Asset-1logo_web.png","contentUrl":"https:\/\/webdesignvungtau.com\/wp-content\/uploads\/2024\/12\/cropped-cropped-Asset-1logo_web.png","width":512,"height":512,"caption":"WebDesign V\u0169ng T\u00e0u"},"image":{"@id":"https:\/\/webdesignvungtau.com\/#\/schema\/logo\/image\/"},"sameAs":["https:\/\/www.facebook.com\/WebDesignVungtau"]}]}},"_links":{"self":[{"href":"https:\/\/webdesignvungtau.com\/en\/wp-json\/wp\/v2\/pages\/4615","targetHints":{"allow":["GET"]}}],"collection":[{"href":"https:\/\/webdesignvungtau.com\/en\/wp-json\/wp\/v2\/pages"}],"about":[{"href":"https:\/\/webdesignvungtau.com\/en\/wp-json\/wp\/v2\/types\/page"}],"author":[{"embeddable":true,"href":"https:\/\/webdesignvungtau.com\/en\/wp-json\/wp\/v2\/users\/2"}],"replies":[{"embeddable":true,"href":"https:\/\/webdesignvungtau.com\/en\/wp-json\/wp\/v2\/comments?post=4615"}],"version-history":[{"count":1,"href":"https:\/\/webdesignvungtau.com\/en\/wp-json\/wp\/v2\/pages\/4615\/revisions"}],"predecessor-version":[{"id":4956,"href":"https:\/\/webdesignvungtau.com\/en\/wp-json\/wp\/v2\/pages\/4615\/revisions\/4956"}],"wp:attachment":[{"href":"https:\/\/webdesignvungtau.com\/en\/wp-json\/wp\/v2\/media?parent=4615"}],"curies":[{"name":"wp","href":"https:\/\/api.w.org\/{rel}","templated":true}]}}