{"id":4506,"date":"2024-12-09T02:46:56","date_gmt":"2024-12-09T02:46:56","guid":{"rendered":"https:\/\/webdesignvungtau.com\/?page_id=4506"},"modified":"2025-07-20T12:33:21","modified_gmt":"2025-07-20T12:33:21","slug":"trang-chu","status":"publish","type":"page","link":"https:\/\/webdesignvungtau.com\/en\/","title":{"rendered":"Home page"},"content":{"rendered":"<div id=\"first-row\" class=\"grve-section grve-primary-1 grve-feature-header\" data-section-title=\"\" data-section-type=\"in-container\" data-image-type=\"none\" data-full-height=\"no\"  style=\"padding-top: 120px;padding-bottom: 120px;margin-bottom: 0px;\"><div class=\"grve-row grve-bookmark\"><div class=\"wpb_column grve-column grve-bookmark grve-column-1-3 vc_custom_1422796236994 grve-tablet-column-1-2 grve-tablet-sm-column-1-2\"><div class=\"grve-element grve-box-icon grve-align-center grve-animated-item grve-fadeInUp\" style=\"margin-bottom: 60px;\" data-delay=\"200\"><div class=\"grve-icon grve-large grve-simple grve-no-shape grve-color-primary-1 grve-image-icon\"><img loading=\"lazy\" decoding=\"async\" width=\"65\" height=\"65\" src=\"https:\/\/webdesignvungtau.com\/wp-content\/uploads\/2015\/01\/headers-icon.png\" class=\"attachment-full size-full\" alt=\"\" srcset=\"https:\/\/webdesignvungtau.com\/wp-content\/uploads\/2015\/01\/headers-icon.png 1x,https:\/\/webdesignvungtau.com\/wp-content\/uploads\/2015\/01\/headers-icon@2x.png 2x\" \/><\/div>  <div class=\"grve-box-content\"><h5 class=\"grve-box-title\"><span>Website<\/span><\/h5>    <p class=\"\">Web design in Vung Tau city<\/p>  <\/div><\/div><\/div><div class=\"wpb_column grve-column grve-bookmark grve-column-1-3 vc_custom_1422796242306 grve-tablet-column-1-2 grve-tablet-sm-column-1-2\"><div class=\"grve-element grve-box-icon grve-align-center grve-animated-item grve-fadeInUp\" style=\"margin-bottom: 60px;\" data-delay=\"400\"><div class=\"grve-icon grve-large grve-simple grve-no-shape grve-color-primary-1 grve-image-icon\"><img loading=\"lazy\" decoding=\"async\" width=\"65\" height=\"65\" src=\"https:\/\/webdesignvungtau.com\/wp-content\/uploads\/2015\/01\/support-icon.png\" class=\"attachment-full size-full\" alt=\"\" srcset=\"https:\/\/webdesignvungtau.com\/wp-content\/uploads\/2015\/01\/support-icon.png 1x,https:\/\/webdesignvungtau.com\/wp-content\/uploads\/2015\/01\/support-icon@2x.png 2x\" \/><\/div>  <div class=\"grve-box-content\"><h5 class=\"grve-box-title\"><span>Photography<\/span><\/h5>    <p class=\"\">Photography and video production<\/p>  <\/div><\/div><\/div><div class=\"wpb_column grve-column grve-bookmark grve-column-1-3 vc_custom_1422796248304 grve-tablet-column-1-2 grve-tablet-sm-column-1-2\"><div class=\"grve-element grve-box-icon grve-align-center grve-animated-item grve-fadeInUp\" style=\"margin-bottom: 60px;\" data-delay=\"600\"><div class=\"grve-icon grve-large grve-simple grve-no-shape grve-color-primary-1 grve-image-icon\"><img loading=\"lazy\" decoding=\"async\" width=\"65\" height=\"65\" src=\"https:\/\/webdesignvungtau.com\/wp-content\/uploads\/2015\/01\/framework-icon.png\" class=\"attachment-full size-full\" alt=\"\" srcset=\"https:\/\/webdesignvungtau.com\/wp-content\/uploads\/2015\/01\/framework-icon.png 1x,https:\/\/webdesignvungtau.com\/wp-content\/uploads\/2015\/01\/framework-icon@2x.png 2x\" \/><\/div>  <div class=\"grve-box-content\"><h5 class=\"grve-box-title\"><span>App mobile<\/span><\/h5>    <p class=\"\">Develop mobile app for Android and iOS<\/p>  <\/div><\/div><\/div><div class=\"wpb_column grve-column grve-bookmark grve-column-1-3\"><div class=\"grve-element grve-box-icon grve-align-center grve-animated-item grve-fadeInUp\" style=\"\" data-delay=\"200\"><div class=\"grve-icon grve-large grve-simple grve-no-shape grve-color-primary-1 grve-image-icon\"><img loading=\"lazy\" decoding=\"async\" width=\"65\" height=\"65\" src=\"https:\/\/webdesignvungtau.com\/wp-content\/uploads\/2015\/01\/colors-icon.png\" class=\"attachment-full size-full\" alt=\"\" srcset=\"https:\/\/webdesignvungtau.com\/wp-content\/uploads\/2015\/01\/colors-icon.png 1x,https:\/\/webdesignvungtau.com\/wp-content\/uploads\/2015\/01\/colors-icon@2x.png 2x\" \/><\/div>  <div class=\"grve-box-content\"><h5 class=\"grve-box-title\"><span>Design<\/span><\/h5>    <p class=\"\">Design banner, logo, flyer, catalogue<\/p>  <\/div><\/div><\/div><div class=\"wpb_column grve-column grve-bookmark grve-column-1-3\"><div class=\"grve-element grve-box-icon grve-align-center grve-animated-item grve-fadeInUp\" style=\"\" data-delay=\"400\"><div class=\"grve-icon grve-large grve-simple grve-no-shape grve-color-primary-1 grve-image-icon\"><img loading=\"lazy\" decoding=\"async\" width=\"65\" height=\"65\" src=\"https:\/\/webdesignvungtau.com\/wp-content\/uploads\/2015\/01\/google-icon.png\" class=\"attachment-full size-full\" alt=\"\" srcset=\"https:\/\/webdesignvungtau.com\/wp-content\/uploads\/2015\/01\/google-icon.png 1x,https:\/\/webdesignvungtau.com\/wp-content\/uploads\/2015\/01\/google-icon@2x.png 2x\" \/><\/div>  <div class=\"grve-box-content\"><h5 class=\"grve-box-title\"><span>Marketing online<\/span><\/h5>    <p class=\"\">Advertising on Google and Facebook platforms<\/p>  <\/div><\/div><\/div><div class=\"wpb_column grve-column grve-bookmark grve-column-1-3\"><div class=\"grve-element grve-box-icon grve-align-center grve-animated-item grve-fadeInUp\" style=\"\" data-delay=\"600\"><div class=\"grve-icon grve-large grve-simple grve-no-shape grve-color-primary-1 grve-image-icon\"><img loading=\"lazy\" decoding=\"async\" width=\"65\" height=\"65\" src=\"https:\/\/webdesignvungtau.com\/wp-content\/uploads\/2015\/01\/dummy-icon.png\" class=\"attachment-full size-full\" alt=\"\" srcset=\"https:\/\/webdesignvungtau.com\/wp-content\/uploads\/2015\/01\/dummy-icon.png 1x,https:\/\/webdesignvungtau.com\/wp-content\/uploads\/2015\/01\/dummy-icon@2x.png 2x\" \/><\/div>  <div class=\"grve-box-content\"><h5 class=\"grve-box-title\"><span>System Setup<\/span><\/h5>    <p class=\"\">Network and server installation and configuration<\/p>  <\/div><\/div><\/div> <\/div><div class=\"grve-background-wrapper\"><\/div><\/div><div class=\"grve-section grve-primary-1\" data-section-title=\"\" data-section-type=\"fullwidth-background\" data-image-type=\"animated\" data-full-height=\"no\"  style=\"color:#ffffff;padding-top: 120px;padding-bottom: 120px;margin-bottom: 0px;\"><div class=\"grve-row grve-bookmark\"><div class=\"wpb_column grve-column grve-bookmark grve-column-1 vc_custom_1421275997647\"><div class=\"grve-element grve-partner-advanced grve-align-center\"><img loading=\"lazy\" decoding=\"async\" width=\"239\" height=\"160\" src=\"https:\/\/webdesignvungtau.com\/wp-content\/uploads\/2025\/01\/logo-footer5.png\" class=\"attachment-full size-full grve-partner-logo\" alt=\"\" srcset=\"https:\/\/webdesignvungtau.com\/wp-content\/uploads\/2025\/01\/logo-footer5.png 1x,https:\/\/webdesignvungtau.com\/wp-content\/uploads\/2025\/01\/logo-footer6.png 2x\" \/>  <div class=\"grve-partner-content\">    <p class=\"grve-leader-text\">Bring your business closer to customers more easily through systems such as Website, Facebook, Google search, online marketing... with high effectiveness and reasonable costs<\/p><a class=\"grve-btn grve-btn-large grve-square grve-bg-primary-1\" href=\"https:\/\/webdesignvungtau.com\/en\/lien-he\/\" target=\"_self\" style=\"\"><span>Contact Us<\/span><\/a>  <\/div><\/div><\/div> <\/div><div class=\"grve-background-wrapper\">  <div class=\"grve-dark-overlay grve-overlay-70\"><\/div>  <div class=\"grve-bg-image\"   style=\"background-image: url(https:\/\/webdesignvungtau.com\/wp-content\/uploads\/2015\/01\/6108b580.jpg);\"><\/div><\/div><\/div><div id=\"inspired-demos\" class=\"grve-section\" data-section-title=\"\" data-section-type=\"fullwidth-background\" data-image-type=\"none\" data-full-height=\"no\"  style=\"padding-top: 120px;padding-bottom: 120px;margin-bottom: 0px;\"><div class=\"grve-row grve-bookmark\"><div class=\"wpb_column grve-column grve-bookmark grve-column-1-2 grve-tablet-column-1 grve-tablet-sm-column-1\"><div class=\"grve-element grve-image grve-animated-item grve-fadeInLeft grve-align-center\" style=\"\" data-delay=\"300\"><img loading=\"lazy\" decoding=\"async\" width=\"650\" height=\"494\" src=\"https:\/\/webdesignvungtau.com\/wp-content\/uploads\/2015\/01\/devices1.png\" class=\"attachment-full size-full\" alt=\"\" srcset=\"https:\/\/webdesignvungtau.com\/wp-content\/uploads\/2015\/01\/devices1.png 650w, https:\/\/webdesignvungtau.com\/wp-content\/uploads\/2015\/01\/devices1-600x456.png 600w, https:\/\/webdesignvungtau.com\/wp-content\/uploads\/2015\/01\/devices1-300x228.png 300w\" sizes=\"auto, (max-width: 650px) 100vw, 650px\" \/><\/div><\/div><div class=\"wpb_column grve-column grve-bookmark grve-column-1-2 vc_custom_1422365433713 grve-tablet-column-1 grve-tablet-sm-column-1\"><div class=\"grve-element grve-slogan grve-align-left grve-animated-item grve-fadeInRight\" style=\"\" data-delay=\"300\"><div class=\"grve-subtitle\">Cross-platform activity<\/div><h4 class=\"grve-slogan-title grve-align-left grve-title-no-line\"><span>Mobile-friendly website<\/span><\/h4>  <p class=\"\">The website is designed to be optimized for various devices, from mobile devices such as smartphones and tablets to laptops and desktops.<\/p><a class=\"grve-btn grve-btn-extrasmall grve-square grve-blue-color\" href=\"https:\/\/webdesignvungtau.com\/en\/bang-gia\/\" target=\"_self\" style=\"\"><span>Price list<\/span><\/a><a class=\"grve-btn grve-btn-extrasmall grve-square grve-bg-primary-1\" href=\"https:\/\/webdesignvungtau.com\/en\/lien-he\/\" target=\"_self\" style=\"\"><span>Contact Us<\/span><\/a><\/div><\/div> <\/div><div class=\"grve-background-wrapper\"><\/div><\/div><div class=\"grve-section grve-primary-1\" data-section-title=\"\" data-section-type=\"fullwidth-element\" data-image-type=\"parallax\" data-full-height=\"no\"  style=\"color:#ffffff;padding-top: 120px;padding-bottom: 120px;margin-bottom: 0px;\"><div class=\"grve-row grve-bookmark\"><div class=\"wpb_column grve-column grve-bookmark grve-column-1-3 vc_custom_1421871208102\"><div class=\"grve-element grve-slogan grve-align-left\" style=\"\"><div class=\"grve-subtitle\">Service<\/div><h4 class=\"grve-slogan-title grve-align-left grve-title-no-line\"><span>Product Photography<\/span><\/h4>  <p class=\"\">With a studio at our office, we can take photos, create product videos, and upload the products to the website with the best quality<\/p><\/div><\/div><div class=\"wpb_column grve-column grve-bookmark grve-column-1-3 vc_custom_1421338643471\"><div class=\"grve-element grve-slogan grve-align-left\" style=\"\"><div class=\"grve-subtitle\">Optimization<\/div><h4 class=\"grve-slogan-title grve-align-left grve-title-no-line\"><span>SEO onpage<\/span><\/h4>  <p class=\"\">Write website content compatible with on-page SEO standards, optimize it, and improve ranking on Google Search<\/p><\/div><\/div><div class=\"wpb_column grve-column grve-bookmark grve-column-1-3 vc_custom_1421871198135\"><div class=\"grve-element grve-slogan grve-align-left\" style=\"\"><div class=\"grve-subtitle\">Customer service<\/div><h4 class=\"grve-slogan-title grve-align-left grve-title-no-line\"><span>Support 24\/7<\/span><\/h4>  <p class=\"\">WebDesign Vungtau is committed to supporting, consulting with customers, and providing 24\/7 website maintenance, ensuring business effectiveness for clients<\/p><\/div><\/div> <\/div><div class=\"grve-background-wrapper\">  <div class=\"grve-dark-overlay grve-overlay-60\"><\/div>  <div class=\"grve-bg-image\" data-stellar-ratio=\"0.5\"  style=\"background-image: url(https:\/\/webdesignvungtau.com\/wp-content\/uploads\/2025\/01\/thiet-ke-web.jpg);\"><\/div><\/div><\/div><div class=\"grve-section\" data-section-title=\"\" data-section-type=\"fullwidth-background\" data-image-type=\"none\" data-full-height=\"no\"  style=\"background-color:#01aaeb;color:#ffffff;padding-top: 50px;padding-bottom: 50px;margin-bottom: 0px;\"><div class=\"grve-row grve-bookmark\"><div class=\"wpb_column grve-column grve-bookmark grve-column-1\"><div class=\"grve-element grve-callout grve-animated-item grve-fadeInUp grve-btn-right\" style=\"\">  <div class=\"grve-callout-wrapper\">    <p class=\"grve-leader-text\">Do you want to reach more customers?<\/p>  <\/div>  <div class=\"grve-button-wrapper\"><a class=\"grve-btn grve-btn-medium grve-square grve-white-color grve-btn-line\" href=\"https:\/\/webdesignvungtau.com\/en\/lien-he\/\" target=\"_self\" style=\"\"><span>Contact Us<\/span><\/a>  <\/div><\/div><\/div> <\/div><div class=\"grve-background-wrapper\"><\/div><\/div><div class=\"grve-section grve-feature-footer\" data-section-title=\"\" data-section-type=\"fullwidth-background\" data-image-type=\"none\" data-full-height=\"no\"  style=\"background-color:#f0f0f0;padding-top: 120px;padding-bottom: 0px;margin-bottom: 0px;\"><div class=\"grve-row grve-bookmark\"><div class=\"wpb_column grve-column grve-bookmark grve-column-1\"><div class=\"grve-element grve-slogan grve-align-center\" style=\"margin-bottom: 90px;\"><h3 class=\"grve-slogan-title grve-align-center grve-title-line\"><span>MINIMALIST DESIGN<\/span><\/h3>  <p class=\"grve-subtitle\">Modern design style highlights important content, helping customers focus on your products and services.<\/p><\/div><div class=\"grve-element grve-image grve-animated-item grve-fadeInLeft grve-align-center\" style=\"\" data-delay=\"200\"><img loading=\"lazy\" decoding=\"async\" width=\"1170\" height=\"405\" src=\"https:\/\/webdesignvungtau.com\/wp-content\/uploads\/2015\/01\/reatina-ready.png\" class=\"attachment-full size-full\" alt=\"\" srcset=\"https:\/\/webdesignvungtau.com\/wp-content\/uploads\/2015\/01\/reatina-ready.png 1170w, https:\/\/webdesignvungtau.com\/wp-content\/uploads\/2015\/01\/reatina-ready-600x208.png 600w, https:\/\/webdesignvungtau.com\/wp-content\/uploads\/2015\/01\/reatina-ready-300x104.png 300w, https:\/\/webdesignvungtau.com\/wp-content\/uploads\/2015\/01\/reatina-ready-1024x354.png 1024w, https:\/\/webdesignvungtau.com\/wp-content\/uploads\/2015\/01\/reatina-ready-768x266.png 768w\" sizes=\"auto, (max-width: 1170px) 100vw, 1170px\" \/><\/div><\/div> <\/div><div class=\"grve-background-wrapper\"><\/div><\/div>","protected":false},"excerpt":{"rendered":"Website Thi\u1ebft k\u1ebf web t\u1ea1i th\u00e0nh ph\u1ed1 V\u0169ng T\u00e0u Nhi\u1ebfp \u1ea3nh Ch\u1ee5p \u1ea3nh, d\u1ef1ng video gi\u1edbi thi\u1ec7u s\u1ea3n ph\u1ea9m App mobile T\u1ea1o app cho \u0111i\u1ec7n tho\u1ea1i di \u0111\u1ed9ng Android, iOS Thi\u1ebft k\u1ebf Thi\u1ebft k\u1ebf banner, logo, flyer, catalogue Marketing online Qu\u1ea3ng c\u00e1o tr\u00ean n\u1ec1n t\u1ea3ng Google, Facebook Thi\u1ebft l\u1eadp h\u1ec7 th\u1ed1ng Setup, c\u00e0i \u0111\u1eb7t, l\u1eafp [...]","protected":false},"author":1,"featured_media":0,"parent":0,"menu_order":0,"comment_status":"closed","ping_status":"closed","template":"","meta":{"footnotes":""},"class_list":["post-4506","page","type-page","status-publish","hentry"],"yoast_head":"<!-- This site is optimized with the Yoast SEO plugin v24.2 - https:\/\/yoast.com\/wordpress\/plugins\/seo\/ -->\n<title>Thi\u1ebft k\u1ebf Web V\u0169ng T\u00e0u - WebDesign V\u0169ng T\u00e0u<\/title>\n<meta name=\"description\" content=\"Thi\u1ebft k\u1ebf web V\u0169ng T\u00e0u. Thi\u1ebft k\u1ebf logo, banner. Google Ads, Facebook Ads. Ch\u1ee5p h\u00ecnh, d\u1ef1ng video s\u1ea3n ph\u1ea9m. L\u1eadp tr\u00ecnh app mobile Android.\" \/>\n<meta name=\"robots\" content=\"index, follow, max-snippet:-1, max-image-preview:large, max-video-preview:-1\" \/>\n<link rel=\"canonical\" href=\"https:\/\/webdesignvungtau.com\/en\/\" \/>\n<meta property=\"og:locale\" content=\"en_US\" \/>\n<meta property=\"og:type\" content=\"article\" \/>\n<meta property=\"og:title\" content=\"Thi\u1ebft k\u1ebf Web V\u0169ng T\u00e0u - WebDesign V\u0169ng T\u00e0u\" \/>\n<meta property=\"og:description\" content=\"Thi\u1ebft k\u1ebf web V\u0169ng T\u00e0u. Thi\u1ebft k\u1ebf logo, banner. Google Ads, Facebook Ads. Ch\u1ee5p h\u00ecnh, d\u1ef1ng video s\u1ea3n ph\u1ea9m. L\u1eadp tr\u00ecnh app mobile Android.\" \/>\n<meta property=\"og:url\" content=\"https:\/\/webdesignvungtau.com\/en\/\" \/>\n<meta property=\"og:site_name\" content=\"WebDesign V\u0169ng T\u00e0u\" \/>\n<meta property=\"article:publisher\" content=\"https:\/\/www.facebook.com\/WebDesignVungtau\" \/>\n<meta property=\"article:modified_time\" content=\"2025-07-20T12:33:21+00:00\" \/>\n<meta name=\"twitter:card\" content=\"summary_large_image\" \/>\n<meta name=\"twitter:label1\" content=\"Est. reading time\" \/>\n\t<meta name=\"twitter:data1\" content=\"5 minutes\" \/>\n<script type=\"application\/ld+json\" class=\"yoast-schema-graph\">{\"@context\":\"https:\/\/schema.org\",\"@graph\":[{\"@type\":\"WebPage\",\"@id\":\"https:\/\/webdesignvungtau.com\/\",\"url\":\"https:\/\/webdesignvungtau.com\/\",\"name\":\"Thi\u1ebft k\u1ebf Web V\u0169ng T\u00e0u - WebDesign V\u0169ng T\u00e0u\",\"isPartOf\":{\"@id\":\"https:\/\/webdesignvungtau.com\/#website\"},\"datePublished\":\"2024-12-09T02:46:56+00:00\",\"dateModified\":\"2025-07-20T12:33:21+00:00\",\"description\":\"Thi\u1ebft k\u1ebf web V\u0169ng T\u00e0u. Thi\u1ebft k\u1ebf logo, banner. Google Ads, Facebook Ads. Ch\u1ee5p h\u00ecnh, d\u1ef1ng video s\u1ea3n ph\u1ea9m. L\u1eadp tr\u00ecnh app mobile Android.\",\"breadcrumb\":{\"@id\":\"https:\/\/webdesignvungtau.com\/#breadcrumb\"},\"inLanguage\":\"en-US\",\"potentialAction\":[{\"@type\":\"ReadAction\",\"target\":[\"https:\/\/webdesignvungtau.com\/\"]}]},{\"@type\":\"BreadcrumbList\",\"@id\":\"https:\/\/webdesignvungtau.com\/#breadcrumb\",\"itemListElement\":[{\"@type\":\"ListItem\",\"position\":1,\"name\":\"Home\",\"item\":\"https:\/\/webdesignvungtau.com\/\"},{\"@type\":\"ListItem\",\"position\":2,\"name\":\"Thi\u1ebft k\u1ebf web V\u0169ng T\u00e0u\"}]},{\"@type\":\"WebSite\",\"@id\":\"https:\/\/webdesignvungtau.com\/#website\",\"url\":\"https:\/\/webdesignvungtau.com\/\",\"name\":\"WebDesign V\u0169ng T\u00e0u\",\"description\":\"Thi\u1ebft k\u1ebf Web V\u0169ng T\u00e0u - Thi\u1ebft k\u1ebf website, logo, banner, marketing online, qu\u1ea3ng c\u00e1o Facebook, Google Ads\",\"publisher\":{\"@id\":\"https:\/\/webdesignvungtau.com\/#organization\"},\"potentialAction\":[{\"@type\":\"SearchAction\",\"target\":{\"@type\":\"EntryPoint\",\"urlTemplate\":\"https:\/\/webdesignvungtau.com\/?s={search_term_string}\"},\"query-input\":{\"@type\":\"PropertyValueSpecification\",\"valueRequired\":true,\"valueName\":\"search_term_string\"}}],\"inLanguage\":\"en-US\"},{\"@type\":\"Organization\",\"@id\":\"https:\/\/webdesignvungtau.com\/#organization\",\"name\":\"WebDesign V\u0169ng T\u00e0u\",\"url\":\"https:\/\/webdesignvungtau.com\/\",\"logo\":{\"@type\":\"ImageObject\",\"inLanguage\":\"en-US\",\"@id\":\"https:\/\/webdesignvungtau.com\/#\/schema\/logo\/image\/\",\"url\":\"https:\/\/webdesignvungtau.com\/wp-content\/uploads\/2024\/12\/cropped-cropped-Asset-1logo_web.png\",\"contentUrl\":\"https:\/\/webdesignvungtau.com\/wp-content\/uploads\/2024\/12\/cropped-cropped-Asset-1logo_web.png\",\"width\":512,\"height\":512,\"caption\":\"WebDesign V\u0169ng T\u00e0u\"},\"image\":{\"@id\":\"https:\/\/webdesignvungtau.com\/#\/schema\/logo\/image\/\"},\"sameAs\":[\"https:\/\/www.facebook.com\/WebDesignVungtau\"]}]}<\/script>\n<!-- \/ Yoast SEO plugin. -->","yoast_head_json":{"title":"Thi\u1ebft k\u1ebf Web V\u0169ng T\u00e0u - WebDesign V\u0169ng T\u00e0u","description":"Thi\u1ebft k\u1ebf web V\u0169ng T\u00e0u. Thi\u1ebft k\u1ebf logo, banner. Google Ads, Facebook Ads. Ch\u1ee5p h\u00ecnh, d\u1ef1ng video s\u1ea3n ph\u1ea9m. L\u1eadp tr\u00ecnh app mobile Android.","robots":{"index":"index","follow":"follow","max-snippet":"max-snippet:-1","max-image-preview":"max-image-preview:large","max-video-preview":"max-video-preview:-1"},"canonical":"https:\/\/webdesignvungtau.com\/en\/","og_locale":"en_US","og_type":"article","og_title":"Thi\u1ebft k\u1ebf Web V\u0169ng T\u00e0u - WebDesign V\u0169ng T\u00e0u","og_description":"Thi\u1ebft k\u1ebf web V\u0169ng T\u00e0u. Thi\u1ebft k\u1ebf logo, banner. Google Ads, Facebook Ads. Ch\u1ee5p h\u00ecnh, d\u1ef1ng video s\u1ea3n ph\u1ea9m. L\u1eadp tr\u00ecnh app mobile Android.","og_url":"https:\/\/webdesignvungtau.com\/en\/","og_site_name":"WebDesign V\u0169ng T\u00e0u","article_publisher":"https:\/\/www.facebook.com\/WebDesignVungtau","article_modified_time":"2025-07-20T12:33:21+00:00","twitter_card":"summary_large_image","twitter_misc":{"Est. reading time":"5 minutes"},"schema":{"@context":"https:\/\/schema.org","@graph":[{"@type":"WebPage","@id":"https:\/\/webdesignvungtau.com\/","url":"https:\/\/webdesignvungtau.com\/","name":"Thi\u1ebft k\u1ebf Web V\u0169ng T\u00e0u - WebDesign V\u0169ng T\u00e0u","isPartOf":{"@id":"https:\/\/webdesignvungtau.com\/#website"},"datePublished":"2024-12-09T02:46:56+00:00","dateModified":"2025-07-20T12:33:21+00:00","description":"Thi\u1ebft k\u1ebf web V\u0169ng T\u00e0u. Thi\u1ebft k\u1ebf logo, banner. Google Ads, Facebook Ads. Ch\u1ee5p h\u00ecnh, d\u1ef1ng video s\u1ea3n ph\u1ea9m. L\u1eadp tr\u00ecnh app mobile Android.","breadcrumb":{"@id":"https:\/\/webdesignvungtau.com\/#breadcrumb"},"inLanguage":"en-US","potentialAction":[{"@type":"ReadAction","target":["https:\/\/webdesignvungtau.com\/"]}]},{"@type":"BreadcrumbList","@id":"https:\/\/webdesignvungtau.com\/#breadcrumb","itemListElement":[{"@type":"ListItem","position":1,"name":"Home","item":"https:\/\/webdesignvungtau.com\/"},{"@type":"ListItem","position":2,"name":"Thi\u1ebft k\u1ebf web V\u0169ng T\u00e0u"}]},{"@type":"WebSite","@id":"https:\/\/webdesignvungtau.com\/#website","url":"https:\/\/webdesignvungtau.com\/","name":"WebDesign V\u0169ng T\u00e0u","description":"Thi\u1ebft k\u1ebf Web V\u0169ng T\u00e0u - Thi\u1ebft k\u1ebf website, logo, banner, marketing online, qu\u1ea3ng c\u00e1o Facebook, Google Ads","publisher":{"@id":"https:\/\/webdesignvungtau.com\/#organization"},"potentialAction":[{"@type":"SearchAction","target":{"@type":"EntryPoint","urlTemplate":"https:\/\/webdesignvungtau.com\/?s={search_term_string}"},"query-input":{"@type":"PropertyValueSpecification","valueRequired":true,"valueName":"search_term_string"}}],"inLanguage":"en-US"},{"@type":"Organization","@id":"https:\/\/webdesignvungtau.com\/#organization","name":"WebDesign V\u0169ng T\u00e0u","url":"https:\/\/webdesignvungtau.com\/","logo":{"@type":"ImageObject","inLanguage":"en-US","@id":"https:\/\/webdesignvungtau.com\/#\/schema\/logo\/image\/","url":"https:\/\/webdesignvungtau.com\/wp-content\/uploads\/2024\/12\/cropped-cropped-Asset-1logo_web.png","contentUrl":"https:\/\/webdesignvungtau.com\/wp-content\/uploads\/2024\/12\/cropped-cropped-Asset-1logo_web.png","width":512,"height":512,"caption":"WebDesign V\u0169ng T\u00e0u"},"image":{"@id":"https:\/\/webdesignvungtau.com\/#\/schema\/logo\/image\/"},"sameAs":["https:\/\/www.facebook.com\/WebDesignVungtau"]}]}},"_links":{"self":[{"href":"https:\/\/webdesignvungtau.com\/en\/wp-json\/wp\/v2\/pages\/4506","targetHints":{"allow":["GET"]}}],"collection":[{"href":"https:\/\/webdesignvungtau.com\/en\/wp-json\/wp\/v2\/pages"}],"about":[{"href":"https:\/\/webdesignvungtau.com\/en\/wp-json\/wp\/v2\/types\/page"}],"author":[{"embeddable":true,"href":"https:\/\/webdesignvungtau.com\/en\/wp-json\/wp\/v2\/users\/1"}],"replies":[{"embeddable":true,"href":"https:\/\/webdesignvungtau.com\/en\/wp-json\/wp\/v2\/comments?post=4506"}],"version-history":[{"count":5,"href":"https:\/\/webdesignvungtau.com\/en\/wp-json\/wp\/v2\/pages\/4506\/revisions"}],"predecessor-version":[{"id":4951,"href":"https:\/\/webdesignvungtau.com\/en\/wp-json\/wp\/v2\/pages\/4506\/revisions\/4951"}],"wp:attachment":[{"href":"https:\/\/webdesignvungtau.com\/en\/wp-json\/wp\/v2\/media?parent=4506"}],"curies":[{"name":"wp","href":"https:\/\/api.w.org\/{rel}","templated":true}]}}